{"id":487,"date":"2026-03-31T13:03:59","date_gmt":"2026-03-31T13:03:59","guid":{"rendered":"https:\/\/catalogue-raisonne.net\/?page_id=487"},"modified":"2026-03-31T13:32:11","modified_gmt":"2026-03-31T13:32:11","slug":"une-solution-internationale-pour-votre-art-bienvenue-chez-inventozen","status":"publish","type":"page","link":"https:\/\/catalogue-raisonne.net\/index.php\/fr\/une-solution-internationale-pour-votre-art-bienvenue-chez-inventozen\/","title":{"rendered":"Une solution internationale pour votre art : bienvenue chez InventoZen"},"content":{"rendered":"<div class=\"wpb-content-wrapper\"><p>[vc_row css_animation=\u00a0\u00bb\u00a0\u00bb row_type=\u00a0\u00bbrow\u00a0\u00bb use_row_as_full_screen_section=\u00a0\u00bbno\u00a0\u00bb type=\u00a0\u00bbgrid\u00a0\u00bb angled_section=\u00a0\u00bbno\u00a0\u00bb text_align=\u00a0\u00bbleft\u00a0\u00bb background_image_as_pattern=\u00a0\u00bbwithout_pattern\u00a0\u00bb z_index=\u00a0\u00bb\u00a0\u00bb][vc_column][vc_row_inner row_type=\u00a0\u00bbrow\u00a0\u00bb type=\u00a0\u00bbfull_width\u00a0\u00bb text_align=\u00a0\u00bbleft\u00a0\u00bb css_animation=\u00a0\u00bb\u00a0\u00bb][vc_column_inner width=\u00a0\u00bb1\/2&Prime;][vc_column_text css=\u00a0\u00bb\u00a0\u00bb]<\/p>\n<h1>Une solution internationale pour votre art : bienvenue chez InventoZen<\/h1>\n<p>[\/vc_column_text][vc_empty_space height=\u00a0\u00bb10px\u00a0\u00bb][vc_column_text css=\u00a0\u00bb\u00a0\u00bb]Notre expertise s\u2019est forg\u00e9e au c\u0153ur de l\u2019Europe, \u00e0 Paris, l\u2019un des \u00e9picentres de la cr\u00e9ation artistique. En nous appuyant sur cet h\u00e9ritage d\u2019excellence, nous avons d\u00e9velopp\u00e9 un standard international capable de prot\u00e9ger le travail de toute une vie.<\/p>\n<p>&nbsp;<\/p>\n<p>Aujourd\u2019hui, InventoZen marque un tournant d\u00e9cisif : 50 % de nos nouveaux partenaires nous rejoignent d\u00e9sormais depuis l\u2019\u00e9tranger. Cette croissance confirme notre position de r\u00e9f\u00e9rence dans la gestion \u00e0 long terme des patrimoines artistiques.[\/vc_column_text][vc_empty_space height=\u00a0\u00bb30px\u00a0\u00bb][vc_column_text css=\u00a0\u00bb\u00a0\u00bb]<\/p>\n<h3><strong>Qu\u2019est-ce qui nourrit notre force \u00e0 l\u2019international ?<\/strong><\/h3>\n<p>[\/vc_column_text][vc_empty_space height=\u00a0\u00bb10px\u00a0\u00bb][vc_column_text css=\u00a0\u00bb\u00a0\u00bb]\u2013 Un r\u00e9seau mondial : pr\u00e9sents dans 22 pays, nous accompagnons artistes et ayants droit, des ateliers berlinois aux lofts new-yorkais, jusqu\u2019aux galeries de Hong Kong.<\/p>\n<p>\u2013 Une confiance \u00e9tablie : plus de 150 artistes et institutions s\u2019appuient chaque jour sur notre solution pour structurer et s\u00e9curiser leurs catalogues.<\/p>\n<p>\u2013 Une visibilit\u00e9 sans fronti\u00e8res : notre passerelle multilingue supprime les barri\u00e8res complexes et garantit \u00e0 vos archives une conformit\u00e9 aux standards internationaux d\u2019authentification.[\/vc_column_text][vc_empty_space height=\u00a0\u00bb20px\u00a0\u00bb][vc_column_text css=\u00a0\u00bb\u00a0\u00bb]Le march\u00e9 de l\u2019art est mondial. Votre h\u00e9ritage m\u00e9rite une gestion \u00e0 la hauteur de cette ambition. InventoZen est votre partenaire pour un patrimoine artistique s\u00e9curis\u00e9 et reconnu \u00e0 l\u2019\u00e9chelle internationale.[\/vc_column_text][vc_empty_space height=\u00a0\u00bb20px\u00a0\u00bb][vc_column_text css=\u00a0\u00bb\u00a0\u00bb]Pr\u00eat \u00e0 construire votre h\u00e9ritage \u00e0 l\u2019international ? \u00c9changeons.<\/p>\n<p>&nbsp;<\/p>\n<p>R\u00e9servez un rendez-vous : <a href=\"https:\/\/inventozen.com\/index.php\/prendre-un-rendez-vous\/\">https:\/\/inventozen.com\/index.php\/prendre-un-rendez-vous\/<\/a><\/p>\n<p>Notre site : <a href=\"https:\/\/inventozen.com\/\">https:\/\/inventozen.com\/<\/a><\/p>\n<p>Contactez-nous : <a href=\"mailto:contact@inventozen.com\">contact@inventozen.com<\/a>[\/vc_column_text][vc_empty_space height=\u00a0\u00bb20px\u00a0\u00bb]<a  itemprop=\"url\" href=\"https:\/\/inventozen.com\/\" target=\"_blank\" data-hover-background-color=\"#252424\" class=\"qbutton  small default\" style=\"\">Plus d'informations<\/a>[vc_empty_space height=\u00a0\u00bb20px\u00a0\u00bb][\/vc_column_inner][vc_column_inner width=\u00a0\u00bb1\/2&Prime;][vc_single_image image=\u00a0\u00bb494&Prime; img_size=\u00a0\u00bb961&#215;958&Prime; css=\u00a0\u00bb\u00a0\u00bb qode_css_animation=\u00a0\u00bb\u00a0\u00bb][vc_empty_space height=\u00a0\u00bb5px\u00a0\u00bb][\/vc_column_inner][\/vc_row_inner][\/vc_column][\/vc_row][vc_row css_animation=\u00a0\u00bb\u00a0\u00bb row_type=\u00a0\u00bbrow\u00a0\u00bb use_row_as_full_screen_section=\u00a0\u00bbno\u00a0\u00bb type=\u00a0\u00bbfull_width\u00a0\u00bb angled_section=\u00a0\u00bbno\u00a0\u00bb text_align=\u00a0\u00bbleft\u00a0\u00bb background_image_as_pattern=\u00a0\u00bbwithout_pattern\u00a0\u00bb][vc_column][vc_empty_space height=\u00a0\u00bb50px\u00a0\u00bb][\/vc_column][\/vc_row][vc_row css_animation=\u00a0\u00bb\u00a0\u00bb row_type=\u00a0\u00bbrow\u00a0\u00bb use_row_as_full_screen_section=\u00a0\u00bbno\u00a0\u00bb type=\u00a0\u00bbgrid\u00a0\u00bb angled_section=\u00a0\u00bbno\u00a0\u00bb text_align=\u00a0\u00bbleft\u00a0\u00bb background_image_as_pattern=\u00a0\u00bbwithout_pattern\u00a0\u00bb z_index=\u00a0\u00bb\u00a0\u00bb][vc_column][vc_column_text css=\u00a0\u00bb\u00a0\u00bb]<\/p>\n<p style=\"text-align: center;\"><span><span><a href=\"https:\/\/catalogue-raisonne.net\/\">Accueil<\/a><\/span><\/span><\/p>\n<p>[\/vc_column_text][vc_empty_space height=\u00a0\u00bb20px\u00a0\u00bb][\/vc_column][\/vc_row]<\/p>\n<\/div>","protected":false},"excerpt":{"rendered":"<p>[vc_row css_animation=\u00a0\u00bb\u00a0\u00bb row_type=\u00a0\u00bbrow\u00a0\u00bb use_row_as_full_screen_section=\u00a0\u00bbno\u00a0\u00bb type=\u00a0\u00bbgrid\u00a0\u00bb angled_section=\u00a0\u00bbno\u00a0\u00bb text_align=\u00a0\u00bbleft\u00a0\u00bb background_image_as_pattern=\u00a0\u00bbwithout_pattern\u00a0\u00bb z_index=\u00a0\u00bb\u00a0\u00bb][vc_column][vc_row_inner row_type=\u00a0\u00bbrow\u00a0\u00bb type=\u00a0\u00bbfull_width\u00a0\u00bb text_align=\u00a0\u00bbleft\u00a0\u00bb css_animation=\u00a0\u00bb\u00a0\u00bb][vc_column_inner width=\u00a0\u00bb1\/2&Prime;][vc_column_text css=\u00a0\u00bb\u00a0\u00bb] Une solution internationale pour votre art : bienvenue chez InventoZen [\/vc_column_text][vc_empty_space height=\u00a0\u00bb10px\u00a0\u00bb][vc_column_text css=\u00a0\u00bb\u00a0\u00bb]Notre expertise s\u2019est forg\u00e9e au c\u0153ur de l\u2019Europe, \u00e0 Paris, l\u2019un des \u00e9picentres de la cr\u00e9ation artistique. En&#8230;<\/p>\n","protected":false},"author":2,"featured_media":0,"parent":0,"menu_order":0,"comment_status":"closed","ping_status":"closed","template":"full_width.php","meta":{"footnotes":""},"class_list":["post-487","page","type-page","status-publish","hentry"],"yoast_head":"<!-- This site is optimized with the Yoast SEO plugin v25.3.1 - https:\/\/yoast.com\/wordpress\/plugins\/seo\/ -->\n<title>Une solution internationale pour votre art : InventoZen<\/title>\n<meta name=\"description\" content=\"Notre expertise s\u2019est forg\u00e9e au c\u0153ur de l\u2019Europe, \u00e0 Paris, l\u2019un des hauts lieux de la cr\u00e9ation artistique.\" \/>\n<meta name=\"robots\" content=\"index, follow, max-snippet:-1, max-image-preview:large, max-video-preview:-1\" \/>\n<link rel=\"canonical\" href=\"https:\/\/catalogue-raisonne.net\/index.php\/fr\/une-solution-internationale-pour-votre-art-bienvenue-chez-inventozen\/\" \/>\n<meta property=\"og:locale\" content=\"fr_FR\" \/>\n<meta property=\"og:type\" content=\"article\" \/>\n<meta property=\"og:title\" content=\"Une solution internationale pour votre art : InventoZen\" \/>\n<meta property=\"og:description\" content=\"Notre expertise s\u2019est forg\u00e9e au c\u0153ur de l\u2019Europe, \u00e0 Paris, l\u2019un des hauts lieux de la cr\u00e9ation artistique.\" \/>\n<meta property=\"og:url\" content=\"https:\/\/catalogue-raisonne.net\/index.php\/fr\/une-solution-internationale-pour-votre-art-bienvenue-chez-inventozen\/\" \/>\n<meta property=\"og:site_name\" content=\"Catalogue Raisonne.net\" \/>\n<meta property=\"article:modified_time\" content=\"2026-03-31T13:32:11+00:00\" \/>\n<meta name=\"twitter:card\" content=\"summary_large_image\" \/>\n<meta name=\"twitter:label1\" content=\"Dur\u00e9e de lecture estim\u00e9e\" \/>\n\t<meta name=\"twitter:data1\" content=\"2 minutes\" \/>\n<script type=\"application\/ld+json\" class=\"yoast-schema-graph\">{\"@context\":\"https:\/\/schema.org\",\"@graph\":[{\"@type\":\"WebPage\",\"@id\":\"https:\/\/catalogue-raisonne.net\/index.php\/fr\/une-solution-internationale-pour-votre-art-bienvenue-chez-inventozen\/\",\"url\":\"https:\/\/catalogue-raisonne.net\/index.php\/fr\/une-solution-internationale-pour-votre-art-bienvenue-chez-inventozen\/\",\"name\":\"Une solution internationale pour votre art : InventoZen\",\"isPartOf\":{\"@id\":\"https:\/\/catalogue-raisonne.net\/#website\"},\"datePublished\":\"2026-03-31T13:03:59+00:00\",\"dateModified\":\"2026-03-31T13:32:11+00:00\",\"description\":\"Notre expertise s\u2019est forg\u00e9e au c\u0153ur de l\u2019Europe, \u00e0 Paris, l\u2019un des hauts lieux de la cr\u00e9ation artistique.\",\"breadcrumb\":{\"@id\":\"https:\/\/catalogue-raisonne.net\/index.php\/fr\/une-solution-internationale-pour-votre-art-bienvenue-chez-inventozen\/#breadcrumb\"},\"inLanguage\":\"fr-FR\",\"potentialAction\":[{\"@type\":\"ReadAction\",\"target\":[\"https:\/\/catalogue-raisonne.net\/index.php\/fr\/une-solution-internationale-pour-votre-art-bienvenue-chez-inventozen\/\"]}]},{\"@type\":\"BreadcrumbList\",\"@id\":\"https:\/\/catalogue-raisonne.net\/index.php\/fr\/une-solution-internationale-pour-votre-art-bienvenue-chez-inventozen\/#breadcrumb\",\"itemListElement\":[{\"@type\":\"ListItem\",\"position\":1,\"name\":\"Accueil\",\"item\":\"https:\/\/catalogue-raisonne.net\/\"},{\"@type\":\"ListItem\",\"position\":2,\"name\":\"Une solution internationale pour votre art : bienvenue chez InventoZen\"}]},{\"@type\":\"WebSite\",\"@id\":\"https:\/\/catalogue-raisonne.net\/#website\",\"url\":\"https:\/\/catalogue-raisonne.net\/\",\"name\":\"Catalogue Raisonne.net\",\"description\":\"Tout savoir sur les Catalogues raisonn\u00e9s\",\"potentialAction\":[{\"@type\":\"SearchAction\",\"target\":{\"@type\":\"EntryPoint\",\"urlTemplate\":\"https:\/\/catalogue-raisonne.net\/?s={search_term_string}\"},\"query-input\":{\"@type\":\"PropertyValueSpecification\",\"valueRequired\":true,\"valueName\":\"search_term_string\"}}],\"inLanguage\":\"fr-FR\"}]}<\/script>\n<!-- \/ Yoast SEO plugin. -->","yoast_head_json":{"title":"Une solution internationale pour votre art : InventoZen","description":"Notre expertise s\u2019est forg\u00e9e au c\u0153ur de l\u2019Europe, \u00e0 Paris, l\u2019un des hauts lieux de la cr\u00e9ation artistique.","robots":{"index":"index","follow":"follow","max-snippet":"max-snippet:-1","max-image-preview":"max-image-preview:large","max-video-preview":"max-video-preview:-1"},"canonical":"https:\/\/catalogue-raisonne.net\/index.php\/fr\/une-solution-internationale-pour-votre-art-bienvenue-chez-inventozen\/","og_locale":"fr_FR","og_type":"article","og_title":"Une solution internationale pour votre art : InventoZen","og_description":"Notre expertise s\u2019est forg\u00e9e au c\u0153ur de l\u2019Europe, \u00e0 Paris, l\u2019un des hauts lieux de la cr\u00e9ation artistique.","og_url":"https:\/\/catalogue-raisonne.net\/index.php\/fr\/une-solution-internationale-pour-votre-art-bienvenue-chez-inventozen\/","og_site_name":"Catalogue Raisonne.net","article_modified_time":"2026-03-31T13:32:11+00:00","twitter_card":"summary_large_image","twitter_misc":{"Dur\u00e9e de lecture estim\u00e9e":"2 minutes"},"schema":{"@context":"https:\/\/schema.org","@graph":[{"@type":"WebPage","@id":"https:\/\/catalogue-raisonne.net\/index.php\/fr\/une-solution-internationale-pour-votre-art-bienvenue-chez-inventozen\/","url":"https:\/\/catalogue-raisonne.net\/index.php\/fr\/une-solution-internationale-pour-votre-art-bienvenue-chez-inventozen\/","name":"Une solution internationale pour votre art : InventoZen","isPartOf":{"@id":"https:\/\/catalogue-raisonne.net\/#website"},"datePublished":"2026-03-31T13:03:59+00:00","dateModified":"2026-03-31T13:32:11+00:00","description":"Notre expertise s\u2019est forg\u00e9e au c\u0153ur de l\u2019Europe, \u00e0 Paris, l\u2019un des hauts lieux de la cr\u00e9ation artistique.","breadcrumb":{"@id":"https:\/\/catalogue-raisonne.net\/index.php\/fr\/une-solution-internationale-pour-votre-art-bienvenue-chez-inventozen\/#breadcrumb"},"inLanguage":"fr-FR","potentialAction":[{"@type":"ReadAction","target":["https:\/\/catalogue-raisonne.net\/index.php\/fr\/une-solution-internationale-pour-votre-art-bienvenue-chez-inventozen\/"]}]},{"@type":"BreadcrumbList","@id":"https:\/\/catalogue-raisonne.net\/index.php\/fr\/une-solution-internationale-pour-votre-art-bienvenue-chez-inventozen\/#breadcrumb","itemListElement":[{"@type":"ListItem","position":1,"name":"Accueil","item":"https:\/\/catalogue-raisonne.net\/"},{"@type":"ListItem","position":2,"name":"Une solution internationale pour votre art : bienvenue chez InventoZen"}]},{"@type":"WebSite","@id":"https:\/\/catalogue-raisonne.net\/#website","url":"https:\/\/catalogue-raisonne.net\/","name":"Catalogue Raisonne.net","description":"Tout savoir sur les Catalogues raisonn\u00e9s","potentialAction":[{"@type":"SearchAction","target":{"@type":"EntryPoint","urlTemplate":"https:\/\/catalogue-raisonne.net\/?s={search_term_string}"},"query-input":{"@type":"PropertyValueSpecification","valueRequired":true,"valueName":"search_term_string"}}],"inLanguage":"fr-FR"}]}},"_links":{"self":[{"href":"https:\/\/catalogue-raisonne.net\/index.php\/wp-json\/wp\/v2\/pages\/487","targetHints":{"allow":["GET"]}}],"collection":[{"href":"https:\/\/catalogue-raisonne.net\/index.php\/wp-json\/wp\/v2\/pages"}],"about":[{"href":"https:\/\/catalogue-raisonne.net\/index.php\/wp-json\/wp\/v2\/types\/page"}],"author":[{"embeddable":true,"href":"https:\/\/catalogue-raisonne.net\/index.php\/wp-json\/wp\/v2\/users\/2"}],"replies":[{"embeddable":true,"href":"https:\/\/catalogue-raisonne.net\/index.php\/wp-json\/wp\/v2\/comments?post=487"}],"version-history":[{"count":7,"href":"https:\/\/catalogue-raisonne.net\/index.php\/wp-json\/wp\/v2\/pages\/487\/revisions"}],"predecessor-version":[{"id":495,"href":"https:\/\/catalogue-raisonne.net\/index.php\/wp-json\/wp\/v2\/pages\/487\/revisions\/495"}],"wp:attachment":[{"href":"https:\/\/catalogue-raisonne.net\/index.php\/wp-json\/wp\/v2\/media?parent=487"}],"curies":[{"name":"wp","href":"https:\/\/api.w.org\/{rel}","templated":true}]}}