{"id":132,"date":"2025-07-03T08:42:52","date_gmt":"2025-07-03T08:42:52","guid":{"rendered":"https:\/\/catalogue-raisonne.net\/?page_id=132"},"modified":"2026-03-31T13:38:04","modified_gmt":"2026-03-31T13:38:04","slug":"guide-pratique-du-catalogue-raisonne","status":"publish","type":"page","link":"https:\/\/catalogue-raisonne.net\/index.php\/fr\/guide-pratique-du-catalogue-raisonne\/","title":{"rendered":"Guide Pratique du Catalogue Raisonn\u00e9"},"content":{"rendered":"<div class=\"wpb-content-wrapper\"><p>[vc_row css_animation=\u00a0\u00bb\u00a0\u00bb row_type=\u00a0\u00bbrow\u00a0\u00bb use_row_as_full_screen_section=\u00a0\u00bbno\u00a0\u00bb type=\u00a0\u00bbgrid\u00a0\u00bb angled_section=\u00a0\u00bbno\u00a0\u00bb text_align=\u00a0\u00bbleft\u00a0\u00bb background_image_as_pattern=\u00a0\u00bbwithout_pattern\u00a0\u00bb css=\u00a0\u00bb.vc_custom_1751633869343{margin-left: -20px !important;background-color: #EAE4DAB5 !important;}\u00a0\u00bb z_index=\u00a0\u00bb\u00a0\u00bb][vc_column][vc_empty_space height=\u00a0\u00bb30px\u00a0\u00bb][vc_row_inner row_type=\u00a0\u00bbrow\u00a0\u00bb type=\u00a0\u00bbfull_width\u00a0\u00bb text_align=\u00a0\u00bbleft\u00a0\u00bb css_animation=\u00a0\u00bb\u00a0\u00bb][vc_column_inner][vc_column_text css=\u00a0\u00bb\u00a0\u00bb]<\/p>\n<h1 style=\"font-weight: 500; font-size: 19px; line-height: 22px; text-align: center;\"><span style=\"color: #434242;\">La cr\u00e9ation d&rsquo;un Catalogue raisonn\u00e9 est un processus de longue haleine qui requiert une grande rigueur, une m\u00e9thodologie pr\u00e9cise et une impartialit\u00e9 sans faille. Ce site est un guide pratique d\u00e9di\u00e9 \u00e0 la cr\u00e9ation de Catalogues raisonn\u00e9s en ligne. Destin\u00e9 aux artistes, ayants droit, chercheurs et professionnels de l\u2019art, ce site propose des conseils, des ressources et des outils pour apprendre \u00e0 cr\u00e9er un Catalogue raisonn\u00e9.<\/span><\/h1>\n<p>[\/vc_column_text][vc_empty_space height=\u00a0\u00bb20px\u00a0\u00bb][vc_column_text css=\u00a0\u00bb\u00a0\u00bb]<\/p>\n<h1 style=\"font-weight: 500; font-size: 19px; line-height: 22px; text-align: center;\"><span style=\"color: #434242;\">Apprenez comment structurer un Catalogue raisonn\u00e9 num\u00e9rique, s\u00e9curis\u00e9 et \u00e9volutif, adapt\u00e9 aux enjeux contemporains de l\u2019archivage et de la conservation du patrimoine artistique.<\/span><\/h1>\n<p>[\/vc_column_text][\/vc_column_inner][\/vc_row_inner][vc_empty_space height=\u00a0\u00bb30px\u00a0\u00bb][vc_row_inner row_type=\u00a0\u00bbrow\u00a0\u00bb type=\u00a0\u00bbfull_width\u00a0\u00bb text_align=\u00a0\u00bbcenter\u00a0\u00bb css_animation=\u00a0\u00bb\u00a0\u00bb css=\u00a0\u00bb.vc_custom_1752072681054{margin-right: 10px !important;margin-left: 10px !important;}\u00a0\u00bb][vc_column_inner width=\u00a0\u00bb1\/5&Prime;][\/vc_column_inner][vc_column_inner width=\u00a0\u00bb1\/5&Prime;][vc_single_image image=\u00a0\u00bb496&Prime; img_size=\u00a0\u00bbmedium\u00a0\u00bb alignment=\u00a0\u00bbcenter\u00a0\u00bb onclick=\u00a0\u00bbcustom_link\u00a0\u00bb css=\u00a0\u00bb\u00a0\u00bb qode_css_animation=\u00a0\u00bb\u00a0\u00bb qode_hover_animation=\u00a0\u00bbzoom_in\u00a0\u00bb link=\u00a0\u00bbhttps:\/\/catalogue-raisonne.net\/index.php\/fr\/une-solution-internationale-pour-votre-art-bienvenue-chez-inventozen\/\u00a0\u00bb][vc_empty_space height=\u00a0\u00bb20px\u00a0\u00bb][vc_column_text css=\u00a0\u00bb\u00a0\u00bb]<\/p>\n<h2 style=\"font-weight: 500; font-size: 20px; line-height: 25px; text-align: center;\">Bienvenue chez InventoZen<\/h2>\n<p>[\/vc_column_text][vc_empty_space height=\u00a0\u00bb10px\u00a0\u00bb][vc_column_text css=\u00a0\u00bb\u00a0\u00bb]Notre expertise s\u2019est forg\u00e9e au c\u0153ur de l\u2019Europe, \u00e0 Paris, l\u2019un des \u00e9picentres de la cr\u00e9ation artistique<br \/>\n&#8230;[\/vc_column_text][vc_empty_space height=\u00a0\u00bb20px\u00a0\u00bb]<a  itemprop=\"url\" href=\"https:\/\/catalogue-raisonne.net\/index.php\/fr\/une-solution-internationale-pour-votre-art-bienvenue-chez-inventozen\/\" target=\"_self\"  class=\"qbutton  default\" style=\"\">Lire la suite<\/a>[vc_empty_space height=\u00a0\u00bb30px\u00a0\u00bb][\/vc_column_inner][vc_column_inner width=\u00a0\u00bb1\/5&Prime;][vc_single_image image=\u00a0\u00bb185&Prime; img_size=\u00a0\u00bbmedium\u00a0\u00bb alignment=\u00a0\u00bbcenter\u00a0\u00bb onclick=\u00a0\u00bbcustom_link\u00a0\u00bb css=\u00a0\u00bb\u00a0\u00bb qode_css_animation=\u00a0\u00bb\u00a0\u00bb qode_hover_animation=\u00a0\u00bbzoom_in\u00a0\u00bb link=\u00a0\u00bbhttps:\/\/catalogue-raisonne.net\/index.php\/quest-ce-quun-catalogue-raisonne\/\u00a0\u00bb][vc_empty_space height=\u00a0\u00bb20px\u00a0\u00bb][vc_column_text css=\u00a0\u00bb\u00a0\u00bb]<\/p>\n<h2 style=\"font-weight: 500; font-size: 20px; line-height: 25px; text-align: center;\">Qu&rsquo;est-ce qu&rsquo;un Catalogue raisonn\u00e9 ?<\/h2>\n<p>[\/vc_column_text][vc_empty_space height=\u00a0\u00bb10px\u00a0\u00bb][vc_column_text css=\u00a0\u00bb\u00a0\u00bb]Le Catalogue raisonn\u00e9 : la solution incontournable pour la reconnaissance et la valorisation d\u2019un artiste&#8230;[\/vc_column_text][vc_empty_space height=\u00a0\u00bb20px\u00a0\u00bb]<a  itemprop=\"url\" href=\"https:\/\/catalogue-raisonne.net\/index.php\/quest-ce-quun-catalogue-raisonne\/\" target=\"_self\"  class=\"qbutton  default\" style=\"\">Lire la suite<\/a>[vc_empty_space height=\u00a0\u00bb30px\u00a0\u00bb][\/vc_column_inner][vc_column_inner width=\u00a0\u00bb1\/5&Prime;][vc_single_image image=\u00a0\u00bb182&Prime; img_size=\u00a0\u00bbmedium\u00a0\u00bb alignment=\u00a0\u00bbcenter\u00a0\u00bb onclick=\u00a0\u00bbcustom_link\u00a0\u00bb css=\u00a0\u00bb\u00a0\u00bb qode_css_animation=\u00a0\u00bb\u00a0\u00bb qode_hover_animation=\u00a0\u00bbzoom_in\u00a0\u00bb link=\u00a0\u00bbhttps:\/\/catalogue-raisonne.net\/index.php\/pourquoi-faire-un-catalogue-raisonne\/\u00a0\u00bb][vc_empty_space height=\u00a0\u00bb20px\u00a0\u00bb][vc_column_text css=\u00a0\u00bb\u00a0\u00bb]<\/p>\n<h2 style=\"font-weight: 500; font-size: 20px; line-height: 25px; text-align: center;\">Pourquoi faire un Catalogue raisonn\u00e9 ?<\/h2>\n<p>[\/vc_column_text][vc_empty_space height=\u00a0\u00bb10px\u00a0\u00bb][vc_column_text css=\u00a0\u00bb\u00a0\u00bb]Cr\u00e9er un Catalogue raisonn\u00e9 permet de s\u00e9curiser l\u2019authenticit\u00e9 des \u0153uvres&#8230;[\/vc_column_text][vc_empty_space height=\u00a0\u00bb20px\u00a0\u00bb]<a  itemprop=\"url\" href=\"https:\/\/catalogue-raisonne.net\/index.php\/pourquoi-faire-un-catalogue-raisonne\/\" target=\"_self\"  class=\"qbutton  default\" style=\"\">Lire la suite<\/a>[vc_empty_space height=\u00a0\u00bb30px\u00a0\u00bb][\/vc_column_inner][vc_column_inner width=\u00a0\u00bb1\/5&Prime;][\/vc_column_inner][\/vc_row_inner][vc_row_inner row_type=\u00a0\u00bbrow\u00a0\u00bb type=\u00a0\u00bbfull_width\u00a0\u00bb text_align=\u00a0\u00bbcenter\u00a0\u00bb css_animation=\u00a0\u00bb\u00a0\u00bb css=\u00a0\u00bb.vc_custom_1752072681054{margin-right: 10px !important;margin-left: 10px !important;}\u00a0\u00bb][vc_column_inner width=\u00a0\u00bb1\/5&Prime;][\/vc_column_inner][vc_column_inner width=\u00a0\u00bb1\/5&Prime;][vc_single_image image=\u00a0\u00bb183&Prime; img_size=\u00a0\u00bbmedium\u00a0\u00bb alignment=\u00a0\u00bbcenter\u00a0\u00bb onclick=\u00a0\u00bbcustom_link\u00a0\u00bb css=\u00a0\u00bb\u00a0\u00bb qode_css_animation=\u00a0\u00bb\u00a0\u00bb qode_hover_animation=\u00a0\u00bbzoom_in\u00a0\u00bb link=\u00a0\u00bbhttps:\/\/catalogue-raisonne.net\/index.php\/creer-un-catalogue-raisonne\/\u00a0\u00bb][vc_empty_space height=\u00a0\u00bb20px\u00a0\u00bb][vc_column_text css=\u00a0\u00bb\u00a0\u00bb]<\/p>\n<h2 style=\"font-weight: 500; font-size: 20px; line-height: 25px; text-align: center;\">Comment cr\u00e9er un Catalogue raisonn\u00e9 ?<\/h2>\n<p>[\/vc_column_text][vc_empty_space height=\u00a0\u00bb10px\u00a0\u00bb][vc_column_text css=\u00a0\u00bb\u00a0\u00bb]Cr\u00e9er un Catalogue raisonn\u00e9 est une d\u00e9marche essentielle pour inscrire durablement&#8230;[\/vc_column_text][vc_empty_space height=\u00a0\u00bb20px\u00a0\u00bb]<a  itemprop=\"url\" href=\"https:\/\/catalogue-raisonne.net\/index.php\/creer-un-catalogue-raisonne\/\" target=\"_self\"  class=\"qbutton  default\" style=\"\">Lire la suite<\/a>[vc_empty_space height=\u00a0\u00bb30px\u00a0\u00bb][\/vc_column_inner][vc_column_inner width=\u00a0\u00bb1\/5&Prime;][vc_single_image image=\u00a0\u00bb187&Prime; img_size=\u00a0\u00bbmedium\u00a0\u00bb alignment=\u00a0\u00bbcenter\u00a0\u00bb onclick=\u00a0\u00bbcustom_link\u00a0\u00bb css=\u00a0\u00bb\u00a0\u00bb qode_css_animation=\u00a0\u00bb\u00a0\u00bb qode_hover_animation=\u00a0\u00bbzoom_in\u00a0\u00bb link=\u00a0\u00bbhttps:\/\/catalogue-raisonne.net\/index.php\/avantages-dun-catalogue-raisonne-digital\/\u00a0\u00bb][vc_empty_space height=\u00a0\u00bb20px\u00a0\u00bb][vc_column_text css=\u00a0\u00bb\u00a0\u00bb]<\/p>\n<h2 style=\"font-weight: 500; font-size: 19px; line-height: 25px; text-align: center;\">Avantages d&rsquo;un Catalogue raisonn\u00e9 digital<\/h2>\n<p>[\/vc_column_text][vc_empty_space height=\u00a0\u00bb10px\u00a0\u00bb][vc_column_text css=\u00a0\u00bb\u00a0\u00bb]Le format num\u00e9rique change la dimension du Catalogue raisonn\u00e9 et le transforme en outil vivant&#8230;[\/vc_column_text][vc_empty_space height=\u00a0\u00bb20px\u00a0\u00bb]<a  itemprop=\"url\" href=\"https:\/\/catalogue-raisonne.net\/index.php\/avantages-dun-catalogue-raisonne-digital\/\" target=\"_self\"  class=\"qbutton  default\" style=\"\">Lire la suite<\/a>[vc_empty_space height=\u00a0\u00bb30px\u00a0\u00bb][\/vc_column_inner][vc_column_inner width=\u00a0\u00bb1\/5&Prime;][vc_single_image image=\u00a0\u00bb189&Prime; img_size=\u00a0\u00bbmedium\u00a0\u00bb alignment=\u00a0\u00bbcenter\u00a0\u00bb onclick=\u00a0\u00bbcustom_link\u00a0\u00bb css=\u00a0\u00bb\u00a0\u00bb qode_css_animation=\u00a0\u00bb\u00a0\u00bb qode_hover_animation=\u00a0\u00bbzoom_in\u00a0\u00bb link=\u00a0\u00bbhttps:\/\/catalogue-raisonne.net\/index.php\/quelle-est-la-meilleure-solution-pour-creer-un-catalogue-raisonne-en-2025\/\u00a0\u00bb][vc_empty_space height=\u00a0\u00bb20px\u00a0\u00bb][vc_column_text css=\u00a0\u00bb\u00a0\u00bb]<\/p>\n<h2 style=\"font-weight: 500; font-size: 19px; line-height: 20px; text-align: center;\">Les meilleures solutions pour cr\u00e9er un Catalogue raisonn\u00e9<\/h2>\n<p>[\/vc_column_text][vc_empty_space height=\u00a0\u00bb10px\u00a0\u00bb][vc_column_text css=\u00a0\u00bb\u00a0\u00bb]Cr\u00e9er un Catalogue raisonn\u00e9 en ligne est devenu essentiel&#8230;[\/vc_column_text][vc_empty_space height=\u00a0\u00bb20px\u00a0\u00bb]<a  itemprop=\"url\" href=\"https:\/\/catalogue-raisonne.net\/index.php\/quelle-est-la-meilleure-solution-pour-creer-un-catalogue-raisonne-en-2025\/\" target=\"_self\"  class=\"qbutton  default\" style=\"\">Lire la suite<\/a>[vc_empty_space height=\u00a0\u00bb30px\u00a0\u00bb][\/vc_column_inner][vc_column_inner width=\u00a0\u00bb1\/5&Prime;][\/vc_column_inner][\/vc_row_inner][\/vc_column][\/vc_row]<\/p>\n<\/div>","protected":false},"excerpt":{"rendered":"<p>[vc_row css_animation=\u00a0\u00bb\u00a0\u00bb row_type=\u00a0\u00bbrow\u00a0\u00bb use_row_as_full_screen_section=\u00a0\u00bbno\u00a0\u00bb type=\u00a0\u00bbgrid\u00a0\u00bb angled_section=\u00a0\u00bbno\u00a0\u00bb text_align=\u00a0\u00bbleft\u00a0\u00bb background_image_as_pattern=\u00a0\u00bbwithout_pattern\u00a0\u00bb css=\u00a0\u00bb.vc_custom_1751633869343{margin-left: -20px !important;background-color: #EAE4DAB5 !important;}\u00a0\u00bb z_index=\u00a0\u00bb\u00a0\u00bb][vc_column][vc_empty_space height=\u00a0\u00bb30px\u00a0\u00bb][vc_row_inner row_type=\u00a0\u00bbrow\u00a0\u00bb type=\u00a0\u00bbfull_width\u00a0\u00bb text_align=\u00a0\u00bbleft\u00a0\u00bb css_animation=\u00a0\u00bb\u00a0\u00bb][vc_column_inner][vc_column_text css=\u00a0\u00bb\u00a0\u00bb] La cr\u00e9ation d&rsquo;un Catalogue raisonn\u00e9 est un processus de longue haleine qui requiert une grande rigueur, une m\u00e9thodologie pr\u00e9cise et une impartialit\u00e9 sans faille. Ce&#8230;<\/p>\n","protected":false},"author":2,"featured_media":0,"parent":0,"menu_order":0,"comment_status":"closed","ping_status":"closed","template":"full_width.php","meta":{"footnotes":""},"class_list":["post-132","page","type-page","status-publish","hentry"],"yoast_head":"<!-- This site is optimized with the Yoast SEO plugin v25.3.1 - https:\/\/yoast.com\/wordpress\/plugins\/seo\/ -->\n<title>Guide Pratique du Catalogue Raisonn\u00e9<\/title>\n<meta name=\"description\" content=\"Guide pratique du catalogue raisonn\u00e9 : \u00e9tapes cl\u00e9s, conseils et outils pour documenter et valoriser les \u0153uvres d\u2019un artiste.\" \/>\n<meta name=\"robots\" content=\"index, follow, max-snippet:-1, max-image-preview:large, max-video-preview:-1\" \/>\n<link rel=\"canonical\" href=\"https:\/\/catalogue-raisonne.net\/index.php\/fr\/guide-pratique-du-catalogue-raisonne\/\" \/>\n<meta property=\"og:locale\" content=\"fr_FR\" \/>\n<meta property=\"og:type\" content=\"article\" \/>\n<meta property=\"og:title\" content=\"Guide Pratique du Catalogue Raisonn\u00e9\" \/>\n<meta property=\"og:description\" content=\"Guide pratique du catalogue raisonn\u00e9 : \u00e9tapes cl\u00e9s, conseils et outils pour documenter et valoriser les \u0153uvres d\u2019un artiste.\" \/>\n<meta property=\"og:url\" content=\"https:\/\/catalogue-raisonne.net\/index.php\/fr\/guide-pratique-du-catalogue-raisonne\/\" \/>\n<meta property=\"og:site_name\" content=\"Catalogue Raisonne.net\" \/>\n<meta property=\"article:modified_time\" content=\"2026-03-31T13:38:04+00:00\" \/>\n<meta name=\"twitter:card\" content=\"summary_large_image\" \/>\n<meta name=\"twitter:label1\" content=\"Dur\u00e9e de lecture estim\u00e9e\" \/>\n\t<meta name=\"twitter:data1\" content=\"2 minutes\" \/>\n<script type=\"application\/ld+json\" class=\"yoast-schema-graph\">{\"@context\":\"https:\/\/schema.org\",\"@graph\":[{\"@type\":\"WebPage\",\"@id\":\"https:\/\/catalogue-raisonne.net\/index.php\/fr\/guide-pratique-du-catalogue-raisonne\/\",\"url\":\"https:\/\/catalogue-raisonne.net\/index.php\/fr\/guide-pratique-du-catalogue-raisonne\/\",\"name\":\"Guide Pratique du Catalogue Raisonn\u00e9\",\"isPartOf\":{\"@id\":\"https:\/\/catalogue-raisonne.net\/#website\"},\"datePublished\":\"2025-07-03T08:42:52+00:00\",\"dateModified\":\"2026-03-31T13:38:04+00:00\",\"description\":\"Guide pratique du catalogue raisonn\u00e9 : \u00e9tapes cl\u00e9s, conseils et outils pour documenter et valoriser les \u0153uvres d\u2019un artiste.\",\"breadcrumb\":{\"@id\":\"https:\/\/catalogue-raisonne.net\/index.php\/fr\/guide-pratique-du-catalogue-raisonne\/#breadcrumb\"},\"inLanguage\":\"fr-FR\",\"potentialAction\":[{\"@type\":\"ReadAction\",\"target\":[\"https:\/\/catalogue-raisonne.net\/index.php\/fr\/guide-pratique-du-catalogue-raisonne\/\"]}]},{\"@type\":\"BreadcrumbList\",\"@id\":\"https:\/\/catalogue-raisonne.net\/index.php\/fr\/guide-pratique-du-catalogue-raisonne\/#breadcrumb\",\"itemListElement\":[{\"@type\":\"ListItem\",\"position\":1,\"name\":\"Accueil\",\"item\":\"https:\/\/catalogue-raisonne.net\/\"},{\"@type\":\"ListItem\",\"position\":2,\"name\":\"Guide Pratique du Catalogue Raisonn\u00e9\"}]},{\"@type\":\"WebSite\",\"@id\":\"https:\/\/catalogue-raisonne.net\/#website\",\"url\":\"https:\/\/catalogue-raisonne.net\/\",\"name\":\"Catalogue Raisonne.net\",\"description\":\"Tout savoir sur les Catalogues raisonn\u00e9s\",\"potentialAction\":[{\"@type\":\"SearchAction\",\"target\":{\"@type\":\"EntryPoint\",\"urlTemplate\":\"https:\/\/catalogue-raisonne.net\/?s={search_term_string}\"},\"query-input\":{\"@type\":\"PropertyValueSpecification\",\"valueRequired\":true,\"valueName\":\"search_term_string\"}}],\"inLanguage\":\"fr-FR\"}]}<\/script>\n<!-- \/ Yoast SEO plugin. -->","yoast_head_json":{"title":"Guide Pratique du Catalogue Raisonn\u00e9","description":"Guide pratique du catalogue raisonn\u00e9 : \u00e9tapes cl\u00e9s, conseils et outils pour documenter et valoriser les \u0153uvres d\u2019un artiste.","robots":{"index":"index","follow":"follow","max-snippet":"max-snippet:-1","max-image-preview":"max-image-preview:large","max-video-preview":"max-video-preview:-1"},"canonical":"https:\/\/catalogue-raisonne.net\/index.php\/fr\/guide-pratique-du-catalogue-raisonne\/","og_locale":"fr_FR","og_type":"article","og_title":"Guide Pratique du Catalogue Raisonn\u00e9","og_description":"Guide pratique du catalogue raisonn\u00e9 : \u00e9tapes cl\u00e9s, conseils et outils pour documenter et valoriser les \u0153uvres d\u2019un artiste.","og_url":"https:\/\/catalogue-raisonne.net\/index.php\/fr\/guide-pratique-du-catalogue-raisonne\/","og_site_name":"Catalogue Raisonne.net","article_modified_time":"2026-03-31T13:38:04+00:00","twitter_card":"summary_large_image","twitter_misc":{"Dur\u00e9e de lecture estim\u00e9e":"2 minutes"},"schema":{"@context":"https:\/\/schema.org","@graph":[{"@type":"WebPage","@id":"https:\/\/catalogue-raisonne.net\/index.php\/fr\/guide-pratique-du-catalogue-raisonne\/","url":"https:\/\/catalogue-raisonne.net\/index.php\/fr\/guide-pratique-du-catalogue-raisonne\/","name":"Guide Pratique du Catalogue Raisonn\u00e9","isPartOf":{"@id":"https:\/\/catalogue-raisonne.net\/#website"},"datePublished":"2025-07-03T08:42:52+00:00","dateModified":"2026-03-31T13:38:04+00:00","description":"Guide pratique du catalogue raisonn\u00e9 : \u00e9tapes cl\u00e9s, conseils et outils pour documenter et valoriser les \u0153uvres d\u2019un artiste.","breadcrumb":{"@id":"https:\/\/catalogue-raisonne.net\/index.php\/fr\/guide-pratique-du-catalogue-raisonne\/#breadcrumb"},"inLanguage":"fr-FR","potentialAction":[{"@type":"ReadAction","target":["https:\/\/catalogue-raisonne.net\/index.php\/fr\/guide-pratique-du-catalogue-raisonne\/"]}]},{"@type":"BreadcrumbList","@id":"https:\/\/catalogue-raisonne.net\/index.php\/fr\/guide-pratique-du-catalogue-raisonne\/#breadcrumb","itemListElement":[{"@type":"ListItem","position":1,"name":"Accueil","item":"https:\/\/catalogue-raisonne.net\/"},{"@type":"ListItem","position":2,"name":"Guide Pratique du Catalogue Raisonn\u00e9"}]},{"@type":"WebSite","@id":"https:\/\/catalogue-raisonne.net\/#website","url":"https:\/\/catalogue-raisonne.net\/","name":"Catalogue Raisonne.net","description":"Tout savoir sur les Catalogues raisonn\u00e9s","potentialAction":[{"@type":"SearchAction","target":{"@type":"EntryPoint","urlTemplate":"https:\/\/catalogue-raisonne.net\/?s={search_term_string}"},"query-input":{"@type":"PropertyValueSpecification","valueRequired":true,"valueName":"search_term_string"}}],"inLanguage":"fr-FR"}]}},"_links":{"self":[{"href":"https:\/\/catalogue-raisonne.net\/index.php\/wp-json\/wp\/v2\/pages\/132","targetHints":{"allow":["GET"]}}],"collection":[{"href":"https:\/\/catalogue-raisonne.net\/index.php\/wp-json\/wp\/v2\/pages"}],"about":[{"href":"https:\/\/catalogue-raisonne.net\/index.php\/wp-json\/wp\/v2\/types\/page"}],"author":[{"embeddable":true,"href":"https:\/\/catalogue-raisonne.net\/index.php\/wp-json\/wp\/v2\/users\/2"}],"replies":[{"embeddable":true,"href":"https:\/\/catalogue-raisonne.net\/index.php\/wp-json\/wp\/v2\/comments?post=132"}],"version-history":[{"count":142,"href":"https:\/\/catalogue-raisonne.net\/index.php\/wp-json\/wp\/v2\/pages\/132\/revisions"}],"predecessor-version":[{"id":498,"href":"https:\/\/catalogue-raisonne.net\/index.php\/wp-json\/wp\/v2\/pages\/132\/revisions\/498"}],"wp:attachment":[{"href":"https:\/\/catalogue-raisonne.net\/index.php\/wp-json\/wp\/v2\/media?parent=132"}],"curies":[{"name":"wp","href":"https:\/\/api.w.org\/{rel}","templated":true}]}}